{"id":183,"date":"2020-04-27T07:26:42","date_gmt":"2020-04-27T07:26:42","guid":{"rendered":"https:\/\/snowfactory.es\/privacy-policy\/"},"modified":"2024-04-18T11:32:35","modified_gmt":"2024-04-18T11:32:35","slug":"privacy-policy","status":"publish","type":"page","link":"https:\/\/snowfactory.es\/pt-pt\/privacy-policy\/","title":{"rendered":"Privacy Policy"},"content":{"rendered":"\n<p>Quem \u00e9 o respons\u00e1vel pelo tratamento dos seus dados pessoais?<\/p>\n\n\n\n<p>Identidade: Snow Factory, S.L.U. (WWW.SNOWFACTORY.ES)<\/p>\n\n\n\n<p>Sede: Crta de Cornell\u00e1, 140 7\u00baA, 08950 Esplugas, Barcelona.<\/p>\n\n\n\n<p>N.I.F.: ES-B64266851<\/p>\n\n\n\n<p>E-mail: info@snowfactory.es<\/p>\n\n\n\n<p>Registrado no Registro Mercantil de Barcelona, \u200b\u200bno tomo 38836, folha 46, p\u00e1gina B-337526, 1\u00aa entrada<\/p>\n\n\n\n<p>Doravante denominada &#8220;F\u00e1brica de neve&#8221;.<\/p>\n\n\n\n<p><strong>Com que finalidade processamos seus dados pessoais?<\/strong><\/p>\n\n\n\n<p>Os dados pessoais do interessado ser\u00e3o processados \u200b\u200bpara os seguintes fins, conforme aplic\u00e1vel:<\/p>\n\n\n\n<p>\u2022 Gerenciar solicita\u00e7\u00f5es de informa\u00e7\u00f5es feitas por meio do site<\/p>\n\n\n\n<p>\u2022 Gerenciar o registro como usu\u00e1rio do site.<\/p>\n\n\n\n<p>\u2022 Prospec\u00e7\u00e3o comercial e a\u00e7\u00e3o promocional. Comunica\u00e7\u00f5es ao interessado sobre not\u00edcias ou ofertas comerciais da Snow Factory que possam ser do seu interesse (tamb\u00e9m eletronicamente) e de terceiros patrocinadores com os quais a Snow Factory tenha assinado um contrato de patroc\u00ednio nos setores que aparecem neste link (1) e , no seu caso,<\/p>\n\n\n\n<p><strong>Por quanto tempo vamos manter seus dados?<\/strong><\/p>\n\n\n\n<p>Os dados pessoais fornecidos ser\u00e3o guardados pelo per\u00edodo de tempo que for razoavelmente necess\u00e1rio, desde que a sua elimina\u00e7\u00e3o n\u00e3o seja solicitada pelo utilizador e em qualquer caso durante o prazo legal estabelecido de acordo com a regulamenta\u00e7\u00e3o em vigor.<\/p>\n\n\n\n<p><strong>Qual \u00e9 a legitimidade para o processamento de seus dados?<\/strong><\/p>\n\n\n\n<p>A base legal para o tratamento dos seus dados \u00e9 o seu consentimento dado explicitamente, ou a necessidade de cumprir a sua poss\u00edvel rela\u00e7\u00e3o comercial, ou por obriga\u00e7\u00e3o legal.<\/p>\n\n\n\n<p>A base legal para processarmos seus dados depende da finalidade para a qual os processamos, conforme explicado na tabela a seguir:<\/p>\n\n\n\n<figure class=\"wp-block-table\"><table><tbody><tr><td><strong>Objetivo<\/strong><\/td><td><strong>Legitima\u00e7\u00e3o<\/strong><\/td><\/tr><tr><td><br>(i) Responder \u00e0 solicita\u00e7\u00e3o de informa\u00e7\u00f5es que voc\u00ea nos faz<\/td><td>Consideramos que temos um interesse leg\u00edtimo em atender \u00e0s solicita\u00e7\u00f5es ou d\u00favidas que voc\u00ea levantar<\/td><\/tr><tr><td>(ii) Gerenciar o registro como um usu\u00e1rio do site<\/td><td><br>A base leg\u00edtima \u00e9 o consentimento expresso que o interessado nos d\u00e1, quando se regista como utilizador do Site.<\/td><\/tr><tr><td>(iii) Prospec\u00e7\u00e3o comercial e a\u00e7\u00e3o promocional.<\/td><td>A base leg\u00edtima \u00e9 o consentimento que o interessado nos d\u00e1, por exemplo, quando aceita receber informa\u00e7\u00e3o personalizada por diversos meios, bem como o cumprimento de uma obriga\u00e7\u00e3o legal, o exerc\u00edcio do direito de privacidade por parte do interessado.<\/td><\/tr><\/tbody><\/table><\/figure>\n\n\n\n<p>Da mesma forma, a Snow Factory ser\u00e1 legitimada para o tratamento de dados pessoais em cumprimento de uma obriga\u00e7\u00e3o legal, como. exerc\u00edcio dos direitos de privacidade pela parte interessada.<\/p>\n\n\n\n<p>\u00a0<strong>A quais destinat\u00e1rios seus dados ser\u00e3o comunicados?<\/strong><\/p>\n\n\n\n<p>Os prestadores de servi\u00e7os da Snow Factory que desempenham fun\u00e7\u00f5es relacionadas com os fins de tratamento descritos podem ter acesso aos seus dados pessoais como Gestores de Tratamento, para os quais a Snow Factory garante que adotar\u00e3o as pol\u00edticas e medidas de prote\u00e7\u00e3o de dados pessoais necess\u00e1rias. para um tratamento correto destes, a saber:<\/p>\n\n\n\n<p>Seus dados pessoais podem ser fornecidos para:<\/p>\n\n\n\n<p>\u2022 Provedores de servi\u00e7os de tecnologia.<\/p>\n\n\n\n<p>\u2022 Fornecedores e colaboradores de servi\u00e7os de log\u00edstica, transporte e entrega.<\/p>\n\n\n\n<p>\u2022 Provedores de servi\u00e7os de marketing.<\/p>\n\n\n\n<p>\u2022 Prestadores de servi\u00e7os jur\u00eddicos.<\/p>\n\n\n\n<p>Para efici\u00eancia de servi\u00e7o, alguns dos provedores mencionados acima est\u00e3o localizados em territ\u00f3rios fora da \u00c1rea Econ\u00f4mica Europeia, como os Estados Unidos. Nestes casos informamos que transmitimos os seus dados com as garantias adequadas e mantendo sempre a seguran\u00e7a dos seus dados. Al\u00e9m disso, seus dados podem ser comunicados a \u00f3rg\u00e3os p\u00fablicos, ju\u00edzes e tribunais e, em geral, autoridades competentes, quando a Snow Factory tem a obriga\u00e7\u00e3o legal de fornec\u00ea-los.<\/p>\n\n\n\n<p>A t\u00edtulo de exemplo para a compra de qualquer produto atrav\u00e9s do Site, os dados do usu\u00e1rio podem ser transferidos para empresas de courier e log\u00edstica como SEUR, CORREOS, ETC., a fim de realizar a entrega e \/ ou devolu\u00e7\u00e3o de os produtos.<\/p>\n\n\n\n<p>Para comunica\u00e7\u00f5es comerciais, a Snow Factory contratou o servi\u00e7o com MAILCHIMP sob o acordo EU-US Privacy Shield dispon\u00edvel em https:\/\/www.privacyshield.gov\/participant?id=a2zt0000000TO6hAAG&amp;status=Active and SALES FORCE sob o acordo EU. US Privacy Shield dispon\u00edvel em https:\/\/www.privacyshield.gov\/participant?id=a2zt0000000KzLyAAK&amp;status=Active.<\/p>\n\n\n\n<p><strong>Quais s\u00e3o os seus direitos ao nos fornecer seus dados pessoais?<\/strong><\/p>\n\n\n\n<p>Qualquer usu\u00e1rio tem o direito de obter confirma\u00e7\u00e3o se a Snow Factory est\u00e1 tratando dados pessoais que lhe dizem respeito ou n\u00e3o.<\/p>\n\n\n\n<p>O utilizador pode exercer o seu direito de acesso aos dados pessoais, bem como solicitar a rectifica\u00e7\u00e3o de dados inexactos ou, se for caso disso, solicitar o seu cancelamento ou elimina\u00e7\u00e3o quando os dados deixarem de ser necess\u00e1rios para os fins que foram recolhidos.<\/p>\n\n\n\n<p>O usu\u00e1rio tamb\u00e9m pode solicitar a limita\u00e7\u00e3o e oposi\u00e7\u00e3o ao tratamento dos seus dados, em determinadas circunst\u00e2ncias e por motivos relacionados com a sua situa\u00e7\u00e3o particular.<\/p>\n\n\n\n<p>O utilizador pode exercer os direitos acima referidos, nos termos e condi\u00e7\u00f5es previstos na legisla\u00e7\u00e3o em vigor, na sede da Snow Factory ou solicit\u00e1-lo por email para info@snowfactory.es.<\/p>\n\n\n\n<p>No caso de n\u00e3o obter uma resposta satisfat\u00f3ria e desejar fazer uma reclama\u00e7\u00e3o ou obter mais informa\u00e7\u00f5es sobre algum destes direitos, pode contactar a Ag\u00eancia Espanhola de Protec\u00e7\u00e3o de Dados (www.agpd.es &#8211; C \/ Jorge Juan, 6 de Madrid).<\/p>\n","protected":false},"excerpt":{"rendered":"<p>Quem \u00e9 o respons\u00e1vel pelo tratamento dos seus dados pessoais? Identidade: Snow Factory, S.L.U. (WWW.SNOWFACTORY.ES) Sede: Crta de Cornell\u00e1, 140 7\u00baA, 08950 Esplugas, Barcelona. N.I.F.: ES-B64266851 E-mail: info@snowfactory.es Registrado no Registro Mercantil de Barcelona, \u200b\u200bno tomo 38836, folha 46, p\u00e1gina B-337526, 1\u00aa entrada Doravante denominada &#8220;F\u00e1brica de neve&#8221;. Com que finalidade processamos seus dados pessoais? [&hellip;]<\/p>\n","protected":false},"author":2,"featured_media":0,"parent":0,"menu_order":0,"comment_status":"closed","ping_status":"open","template":"","meta":{"_acf_changed":false,"footnotes":""},"class_list":["post-183","page","type-page","status-publish","hentry"],"acf":[],"yoast_head":"<!-- This site is optimized with the Yoast SEO plugin v26.8 - https:\/\/yoast.com\/product\/yoast-seo-wordpress\/ -->\n<title>Privacy Policy &#8211; Snow Factory<\/title>\n<meta name=\"robots\" content=\"index, follow, max-snippet:-1, max-image-preview:large, max-video-preview:-1\" \/>\n<link rel=\"canonical\" href=\"https:\/\/snowfactory.es\/pt-pt\/privacy-policy\/\" \/>\n<meta property=\"og:locale\" content=\"pt_PT\" \/>\n<meta property=\"og:type\" content=\"article\" \/>\n<meta property=\"og:title\" content=\"Privacy Policy &#8211; Snow Factory\" \/>\n<meta property=\"og:description\" content=\"Quem \u00e9 o respons\u00e1vel pelo tratamento dos seus dados pessoais? Identidade: Snow Factory, S.L.U. (WWW.SNOWFACTORY.ES) Sede: Crta de Cornell\u00e1, 140 7\u00baA, 08950 Esplugas, Barcelona. N.I.F.: ES-B64266851 E-mail: info@snowfactory.es Registrado no Registro Mercantil de Barcelona, \u200b\u200bno tomo 38836, folha 46, p\u00e1gina B-337526, 1\u00aa entrada Doravante denominada &#8220;F\u00e1brica de neve&#8221;. Com que finalidade processamos seus dados pessoais? [&hellip;]\" \/>\n<meta property=\"og:url\" content=\"https:\/\/snowfactory.es\/pt-pt\/privacy-policy\/\" \/>\n<meta property=\"og:site_name\" content=\"Snow Factory\" \/>\n<meta property=\"article:modified_time\" content=\"2024-04-18T11:32:35+00:00\" \/>\n<meta name=\"twitter:card\" content=\"summary_large_image\" \/>\n<meta name=\"twitter:label1\" content=\"Tempo estimado de leitura\" \/>\n\t<meta name=\"twitter:data1\" content=\"4 minutos\" \/>\n<script type=\"application\/ld+json\" class=\"yoast-schema-graph\">{\"@context\":\"https:\/\/schema.org\",\"@graph\":[{\"@type\":\"WebPage\",\"@id\":\"https:\/\/snowfactory.es\/pt-pt\/privacy-policy\/\",\"url\":\"https:\/\/snowfactory.es\/pt-pt\/privacy-policy\/\",\"name\":\"Privacy Policy &#8211; Snow Factory\",\"isPartOf\":{\"@id\":\"https:\/\/snowfactory.es\/#website\"},\"datePublished\":\"2020-04-27T07:26:42+00:00\",\"dateModified\":\"2024-04-18T11:32:35+00:00\",\"breadcrumb\":{\"@id\":\"https:\/\/snowfactory.es\/pt-pt\/privacy-policy\/#breadcrumb\"},\"inLanguage\":\"pt-PT\",\"potentialAction\":[{\"@type\":\"ReadAction\",\"target\":[\"https:\/\/snowfactory.es\/pt-pt\/privacy-policy\/\"]}]},{\"@type\":\"BreadcrumbList\",\"@id\":\"https:\/\/snowfactory.es\/pt-pt\/privacy-policy\/#breadcrumb\",\"itemListElement\":[{\"@type\":\"ListItem\",\"position\":1,\"name\":\"Home\",\"item\":\"https:\/\/snowfactory.es\/pt-pt\/\"},{\"@type\":\"ListItem\",\"position\":2,\"name\":\"Privacy Policy\"}]},{\"@type\":\"WebSite\",\"@id\":\"https:\/\/snowfactory.es\/#website\",\"url\":\"https:\/\/snowfactory.es\/\",\"name\":\"Snow Factory\",\"description\":\"Distribui\u00e7\u00e3o e equipamentos esportivos\",\"potentialAction\":[{\"@type\":\"SearchAction\",\"target\":{\"@type\":\"EntryPoint\",\"urlTemplate\":\"https:\/\/snowfactory.es\/?s={search_term_string}\"},\"query-input\":{\"@type\":\"PropertyValueSpecification\",\"valueRequired\":true,\"valueName\":\"search_term_string\"}}],\"inLanguage\":\"pt-PT\"}]}<\/script>\n<!-- \/ Yoast SEO plugin. -->","yoast_head_json":{"title":"Privacy Policy &#8211; Snow Factory","robots":{"index":"index","follow":"follow","max-snippet":"max-snippet:-1","max-image-preview":"max-image-preview:large","max-video-preview":"max-video-preview:-1"},"canonical":"https:\/\/snowfactory.es\/pt-pt\/privacy-policy\/","og_locale":"pt_PT","og_type":"article","og_title":"Privacy Policy &#8211; Snow Factory","og_description":"Quem \u00e9 o respons\u00e1vel pelo tratamento dos seus dados pessoais? Identidade: Snow Factory, S.L.U. (WWW.SNOWFACTORY.ES) Sede: Crta de Cornell\u00e1, 140 7\u00baA, 08950 Esplugas, Barcelona. N.I.F.: ES-B64266851 E-mail: info@snowfactory.es Registrado no Registro Mercantil de Barcelona, \u200b\u200bno tomo 38836, folha 46, p\u00e1gina B-337526, 1\u00aa entrada Doravante denominada &#8220;F\u00e1brica de neve&#8221;. Com que finalidade processamos seus dados pessoais? [&hellip;]","og_url":"https:\/\/snowfactory.es\/pt-pt\/privacy-policy\/","og_site_name":"Snow Factory","article_modified_time":"2024-04-18T11:32:35+00:00","twitter_card":"summary_large_image","twitter_misc":{"Tempo estimado de leitura":"4 minutos"},"schema":{"@context":"https:\/\/schema.org","@graph":[{"@type":"WebPage","@id":"https:\/\/snowfactory.es\/pt-pt\/privacy-policy\/","url":"https:\/\/snowfactory.es\/pt-pt\/privacy-policy\/","name":"Privacy Policy &#8211; Snow Factory","isPartOf":{"@id":"https:\/\/snowfactory.es\/#website"},"datePublished":"2020-04-27T07:26:42+00:00","dateModified":"2024-04-18T11:32:35+00:00","breadcrumb":{"@id":"https:\/\/snowfactory.es\/pt-pt\/privacy-policy\/#breadcrumb"},"inLanguage":"pt-PT","potentialAction":[{"@type":"ReadAction","target":["https:\/\/snowfactory.es\/pt-pt\/privacy-policy\/"]}]},{"@type":"BreadcrumbList","@id":"https:\/\/snowfactory.es\/pt-pt\/privacy-policy\/#breadcrumb","itemListElement":[{"@type":"ListItem","position":1,"name":"Home","item":"https:\/\/snowfactory.es\/pt-pt\/"},{"@type":"ListItem","position":2,"name":"Privacy Policy"}]},{"@type":"WebSite","@id":"https:\/\/snowfactory.es\/#website","url":"https:\/\/snowfactory.es\/","name":"Snow Factory","description":"Distribui\u00e7\u00e3o e equipamentos esportivos","potentialAction":[{"@type":"SearchAction","target":{"@type":"EntryPoint","urlTemplate":"https:\/\/snowfactory.es\/?s={search_term_string}"},"query-input":{"@type":"PropertyValueSpecification","valueRequired":true,"valueName":"search_term_string"}}],"inLanguage":"pt-PT"}]}},"_links":{"self":[{"href":"https:\/\/snowfactory.es\/pt-pt\/wp-json\/wp\/v2\/pages\/183","targetHints":{"allow":["GET"]}}],"collection":[{"href":"https:\/\/snowfactory.es\/pt-pt\/wp-json\/wp\/v2\/pages"}],"about":[{"href":"https:\/\/snowfactory.es\/pt-pt\/wp-json\/wp\/v2\/types\/page"}],"author":[{"embeddable":true,"href":"https:\/\/snowfactory.es\/pt-pt\/wp-json\/wp\/v2\/users\/2"}],"replies":[{"embeddable":true,"href":"https:\/\/snowfactory.es\/pt-pt\/wp-json\/wp\/v2\/comments?post=183"}],"version-history":[{"count":4,"href":"https:\/\/snowfactory.es\/pt-pt\/wp-json\/wp\/v2\/pages\/183\/revisions"}],"predecessor-version":[{"id":1586,"href":"https:\/\/snowfactory.es\/pt-pt\/wp-json\/wp\/v2\/pages\/183\/revisions\/1586"}],"wp:attachment":[{"href":"https:\/\/snowfactory.es\/pt-pt\/wp-json\/wp\/v2\/media?parent=183"}],"curies":[{"name":"wp","href":"https:\/\/api.w.org\/{rel}","templated":true}]}}