{"id":182,"date":"2020-04-27T08:17:48","date_gmt":"2020-04-27T08:17:48","guid":{"rendered":"https:\/\/snowfactory.es\/legal-datat\/"},"modified":"2024-04-18T11:32:31","modified_gmt":"2024-04-18T11:32:31","slug":"legal-datat","status":"publish","type":"page","link":"https:\/\/snowfactory.es\/pt-pt\/legal-datat\/","title":{"rendered":"Legal Data"},"content":{"rendered":"\n<p>AVISO LEGAL<\/p>\n\n\n\n<p>Os termos e condi\u00e7\u00f5es indicados a seguir (&#8220;Condi\u00e7\u00f5es Gerais de Uso&#8221;), regulam o acesso e uso deste site (o &#8220;site&#8221;) propriedade da empresa Snow Factory, SLU, uma empresa espanhola com um NIF n\u00famero B-64.266.851, com sede em Crta de Cornell\u00e1, 140, 7\u00aaA, 08950 Esplugues, Barcelona. Encontra-se inscrito no Registro Mercantil de Barcelona, \u200b\u200bsob o tomo 38836, folha 46, folha B-337526, primeira entrada. Doravante denominada &#8220;F\u00e1brica de neve&#8221;.<\/p>\n\n\n\n<p>O acesso e a visita ao Site envolvem a ades\u00e3o sem reservas \u00e0s seguintes Condi\u00e7\u00f5es Gerais de Uso.<\/p>\n\n\n\n<p><strong>CONDI\u00c7\u00d5ES GERAIS DE USO<\/strong><\/p>\n\n\n\n<p><strong>1.- OBJETO<\/strong><\/p>\n\n\n\n<p>O objetivo destas Condi\u00e7\u00f5es Gerais de Uso \u00e9 regular o acesso e uso do Site.<\/p>\n\n\n\n<p>A Snow Factory reserva-se o direito de modificar, a qualquer momento e sem aviso pr\u00e9vio, o pre\u00e7o, a apresenta\u00e7\u00e3o, o aspecto e a configura\u00e7\u00e3o do Site, bem como o seu conte\u00fado. O usu\u00e1rio aceita expressamente o acima.<\/p>\n\n\n\n<p><strong>2.- REGRAS DE USO DO WEBSITE<\/strong><\/p>\n\n\n\n<p>O usu\u00e1rio concorda em fazer uso adequado do site, bem como dos conte\u00fados nele coletados em todos os momentos.<\/p>\n\n\n\n<p>Desta forma, o Utilizador compromete-se a n\u00e3o utilizar o Site para o exerc\u00edcio de actividades contr\u00e1rias \u00e0 lei, aos costumes, \u00e0 moral e \u00e0 ordem p\u00fablica estabelecida, bem como a n\u00e3o utilizar o Site para praticar, direta ou indiretamente, atos, ou ainda praticar atos que violem direitos e interesses de terceiros.<\/p>\n\n\n\n<p>Por sua vez, o Usu\u00e1rio se compromete a n\u00e3o modificar, interferir, danificar ou deteriorar o Site, os equipamentos informativos ou de telecomunica\u00e7\u00f5es da Snow Factory ou de terceiros.<\/p>\n\n\n\n<p><strong>3.- GARANTIA E RESPONSABILIDADE<\/strong><\/p>\n\n\n\n<p>A Snow Factory envida todos os esfor\u00e7os para atualizar, manter e operar o Site, tendo em vista a sua continuidade no funcionamento da mais alta qualidade. Sem preju\u00edzo do anterior, a Snow Factory n\u00e3o pode garantir a aus\u00eancia de avarias t\u00e9cnicas, a infalibilidade do servi\u00e7o atrav\u00e9s do site, ou que o sistema ou portal est\u00e1 sempre operacional.<\/p>\n\n\n\n<p><strong>4.- PROPRIEDADE INTELECTUAL<\/strong><\/p>\n\n\n\n<p>Todos os conte\u00fados disponibilizados no Site (ilustra\u00e7\u00f5es, textos, nomes, marcas pr\u00f3prias, imagens, v\u00eddeos &#8230;) s\u00e3o propriedade da Snow Factory. Marcas de terceiros s\u00e3o propriedade de seus propriet\u00e1rios. Qualquer reprodu\u00e7\u00e3o parcial ou total do conte\u00fado por qualquer procedimento e em qualquer meio est\u00e1 sujeita a uma autoriza\u00e7\u00e3o pr\u00e9via e expressa da Snow Factory ou dos detentores dos direitos, quando apropriado.<\/p>\n\n\n\n<p>A Snow Factory n\u00e3o se responsabiliza pelo uso indevido que seja feito dos conte\u00fados das p\u00e1ginas Web, sendo da exclusiva responsabilidade do utilizador que as acede ou utiliza.<\/p>\n\n\n\n<p>A Snow Factory declina qualquer responsabilidade derivada da troca de informa\u00e7\u00f5es entre Usu\u00e1rios atrav\u00e9s do Site. A responsabilidade pela divulga\u00e7\u00e3o dos dados e das declara\u00e7\u00f5es divulgadas no Site, corresponde em todo o caso a quem as faz.<\/p>\n\n\n\n<p><strong>5.- LINKS COM TERCEIROS<\/strong><\/p>\n\n\n\n<p>A Snow Factory n\u00e3o assume qualquer responsabilidade pelas informa\u00e7\u00f5es contidas em p\u00e1ginas da Web de terceiros que podem ser acessadas por meio de links ou mecanismos de pesquisa nas p\u00e1ginas da Web. A presen\u00e7a de links nas p\u00e1ginas web tem car\u00e1ter meramente informativo e em nenhum caso implica sugest\u00e3o, convite ou recomenda\u00e7\u00e3o sobre os mesmos.<\/p>\n\n\n\n<p>Existe a possibilidade de partilhar conte\u00fados ou qualquer tipo de informa\u00e7\u00e3o atrav\u00e9s de redes sociais como Twitter, Facebook ou outras aplica\u00e7\u00f5es, estando tal actividade sujeita \u00e0s condi\u00e7\u00f5es de utiliza\u00e7\u00e3o e registo expressamente estabelecidas por estas plataformas online, sem que a Snow Factory assuma qualquer responsabilidade directa. ou indiretamente pelos conte\u00fados neles publicados pelos usu\u00e1rios. Nestes casos, deve-se ter em aten\u00e7\u00e3o que ao aceder a estas redes est\u00e1 a abandonar as p\u00e1ginas web das lojas, para aceder a um ambiente n\u00e3o controlado pela Snow Factory Consequentemente, a Snow Factory n\u00e3o assume qualquer responsabilidade por eventuais viola\u00e7\u00f5es do seguran\u00e7a de tais ambientes.<\/p>\n\n\n\n<p><br><strong>6.- INFORMA\u00c7\u00d5ES SOBRE COOKIES <\/strong><\/p>\n\n\n\n<p>O site pode usar cookies, arquivos de texto com informa\u00e7\u00f5es sobre a sua navega\u00e7\u00e3o no site, tudo para melhorar a experi\u00eancia do usu\u00e1rio neste site. Ao navegar no Site, o Utilizador aceita a instala\u00e7\u00e3o dos cookies utilizados neste Site. Voc\u00ea pode encontrar mais informa\u00e7\u00f5es sobre os cookies que s\u00e3o utilizados, sua finalidade no seguinte link: <a href=\"https:\/\/snowfactory.es\/pt-pt\/cookies-policy\/\" target=\"_blank\" rel=\"noreferrer noopener\">https:\/\/snowfactory.es\/pt-pt\/cookies-policy\/<\/a><\/p>\n\n\n\n<p><strong>7.- DADOS PESSOAIS <\/strong><\/p>\n\n\n\n<p>Em conformidade com o Regulamento (UE) 2016\/679 do Parlamento Europeu e do Conselho de 27 de abril de 2016, relativo \u00e0 prote\u00e7\u00e3o de pessoas singulares no que diz respeito ao tratamento de dados pessoais e \u00e0 livre circula\u00e7\u00e3o desses dados e pela que s\u00e3o revogadas a Diretiva 95\/46 \/ CE e a Lei Org\u00e2nica 3\/2018, de 5 de dezembro, sobre Prote\u00e7\u00e3o de Dados Pessoais e Garantia de direitos digitais, os utilizadores do Site s\u00e3o informados de que os dados pessoais recolhidos pela Snow Factory atrav\u00e9s dos formul\u00e1rios localizados no seu Site, os mesmos ser\u00e3o cadastrados em arquivo automatizado sob responsabilidade da Snow Factory, a fim de facilitar, agilizar e cumprir os compromissos firmados entre a Snow Factory e o Usu\u00e1rio, e que n\u00e3o o fazem eles s\u00e3o atribu\u00eddos ou vendidos a terceiros. Da mesma forma, o Usu\u00e1rio ter\u00e1 a possibilidade de exercer os direitos de acesso, retifica\u00e7\u00e3o, exclus\u00e3o, oposi\u00e7\u00e3o, portabilidade e limita\u00e7\u00e3o de tratamento por meio de comunica\u00e7\u00e3o escrita para o endere\u00e7o da Snow Factory ou para o e-mail info@snowfactory.es, e ter\u00e1 o direito de formular um reclama\u00e7\u00e3o ou reclama\u00e7\u00e3o perante a Ag\u00eancia Espanhola de Prote\u00e7\u00e3o de Dados (www.aepd.es). Para obter mais informa\u00e7\u00f5es sobre a pol\u00edtica de prote\u00e7\u00e3o de dados pessoais, visite o seguinte link <a href=\"https:\/\/snowfactory.es\/pt-pt\/privacy-policy\/\" target=\"_blank\" rel=\"noreferrer noopener\">https:\/\/snowfactory.es\/pt-pt\/privacy-policy\/<\/a> correspondente \u00e0 se\u00e7\u00e3o \u201cpol\u00edtica de privacidade\u201d. <\/p>\n\n\n\n<p><strong>8.- LEGISLA\u00c7\u00c3O APLIC\u00c1VEL <\/strong><\/p>\n\n\n\n<p>O uso deste site ser\u00e1 regido de acordo com a legisla\u00e7\u00e3o espanhola. Qualquer controv\u00e9rsia que surja ou esteja relacionada com o uso do site ou com os referidos contratos ser\u00e1 submetida \u00e0 jurisdi\u00e7\u00e3o dos tribunais e tribunais de Barcelona com ren\u00fancia expressa a qualquer jurisdi\u00e7\u00e3o que possa corresponder.<\/p>\n","protected":false},"excerpt":{"rendered":"<p>AVISO LEGAL Os termos e condi\u00e7\u00f5es indicados a seguir (&#8220;Condi\u00e7\u00f5es Gerais de Uso&#8221;), regulam o acesso e uso deste site (o &#8220;site&#8221;) propriedade da empresa Snow Factory, SLU, uma empresa espanhola com um NIF n\u00famero B-64.266.851, com sede em Crta de Cornell\u00e1, 140, 7\u00aaA, 08950 Esplugues, Barcelona. Encontra-se inscrito no Registro Mercantil de Barcelona, \u200b\u200bsob [&hellip;]<\/p>\n","protected":false},"author":2,"featured_media":0,"parent":0,"menu_order":0,"comment_status":"closed","ping_status":"closed","template":"","meta":{"_acf_changed":false,"footnotes":""},"class_list":["post-182","page","type-page","status-publish","hentry"],"acf":[],"yoast_head":"<!-- This site is optimized with the Yoast SEO plugin v26.8 - https:\/\/yoast.com\/product\/yoast-seo-wordpress\/ -->\n<title>Legal Data &#8211; Snow Factory<\/title>\n<meta name=\"robots\" content=\"index, follow, max-snippet:-1, max-image-preview:large, max-video-preview:-1\" \/>\n<link rel=\"canonical\" href=\"https:\/\/snowfactory.es\/pt-pt\/legal-datat\/\" \/>\n<meta property=\"og:locale\" content=\"pt_PT\" \/>\n<meta property=\"og:type\" content=\"article\" \/>\n<meta property=\"og:title\" content=\"Legal Data &#8211; Snow Factory\" \/>\n<meta property=\"og:description\" content=\"AVISO LEGAL Os termos e condi\u00e7\u00f5es indicados a seguir (&#8220;Condi\u00e7\u00f5es Gerais de Uso&#8221;), regulam o acesso e uso deste site (o &#8220;site&#8221;) propriedade da empresa Snow Factory, SLU, uma empresa espanhola com um NIF n\u00famero B-64.266.851, com sede em Crta de Cornell\u00e1, 140, 7\u00aaA, 08950 Esplugues, Barcelona. Encontra-se inscrito no Registro Mercantil de Barcelona, \u200b\u200bsob [&hellip;]\" \/>\n<meta property=\"og:url\" content=\"https:\/\/snowfactory.es\/pt-pt\/legal-datat\/\" \/>\n<meta property=\"og:site_name\" content=\"Snow Factory\" \/>\n<meta property=\"article:modified_time\" content=\"2024-04-18T11:32:31+00:00\" \/>\n<meta name=\"twitter:card\" content=\"summary_large_image\" \/>\n<meta name=\"twitter:label1\" content=\"Tempo estimado de leitura\" \/>\n\t<meta name=\"twitter:data1\" content=\"5 minutos\" \/>\n<script type=\"application\/ld+json\" class=\"yoast-schema-graph\">{\"@context\":\"https:\/\/schema.org\",\"@graph\":[{\"@type\":\"WebPage\",\"@id\":\"https:\/\/snowfactory.es\/pt-pt\/legal-datat\/\",\"url\":\"https:\/\/snowfactory.es\/pt-pt\/legal-datat\/\",\"name\":\"Legal Data &#8211; Snow Factory\",\"isPartOf\":{\"@id\":\"https:\/\/snowfactory.es\/#website\"},\"datePublished\":\"2020-04-27T08:17:48+00:00\",\"dateModified\":\"2024-04-18T11:32:31+00:00\",\"breadcrumb\":{\"@id\":\"https:\/\/snowfactory.es\/pt-pt\/legal-datat\/#breadcrumb\"},\"inLanguage\":\"pt-PT\",\"potentialAction\":[{\"@type\":\"ReadAction\",\"target\":[\"https:\/\/snowfactory.es\/pt-pt\/legal-datat\/\"]}]},{\"@type\":\"BreadcrumbList\",\"@id\":\"https:\/\/snowfactory.es\/pt-pt\/legal-datat\/#breadcrumb\",\"itemListElement\":[{\"@type\":\"ListItem\",\"position\":1,\"name\":\"Home\",\"item\":\"https:\/\/snowfactory.es\/pt-pt\/\"},{\"@type\":\"ListItem\",\"position\":2,\"name\":\"Legal Data\"}]},{\"@type\":\"WebSite\",\"@id\":\"https:\/\/snowfactory.es\/#website\",\"url\":\"https:\/\/snowfactory.es\/\",\"name\":\"Snow Factory\",\"description\":\"Distribui\u00e7\u00e3o e equipamentos esportivos\",\"potentialAction\":[{\"@type\":\"SearchAction\",\"target\":{\"@type\":\"EntryPoint\",\"urlTemplate\":\"https:\/\/snowfactory.es\/?s={search_term_string}\"},\"query-input\":{\"@type\":\"PropertyValueSpecification\",\"valueRequired\":true,\"valueName\":\"search_term_string\"}}],\"inLanguage\":\"pt-PT\"}]}<\/script>\n<!-- \/ Yoast SEO plugin. -->","yoast_head_json":{"title":"Legal Data &#8211; Snow Factory","robots":{"index":"index","follow":"follow","max-snippet":"max-snippet:-1","max-image-preview":"max-image-preview:large","max-video-preview":"max-video-preview:-1"},"canonical":"https:\/\/snowfactory.es\/pt-pt\/legal-datat\/","og_locale":"pt_PT","og_type":"article","og_title":"Legal Data &#8211; Snow Factory","og_description":"AVISO LEGAL Os termos e condi\u00e7\u00f5es indicados a seguir (&#8220;Condi\u00e7\u00f5es Gerais de Uso&#8221;), regulam o acesso e uso deste site (o &#8220;site&#8221;) propriedade da empresa Snow Factory, SLU, uma empresa espanhola com um NIF n\u00famero B-64.266.851, com sede em Crta de Cornell\u00e1, 140, 7\u00aaA, 08950 Esplugues, Barcelona. Encontra-se inscrito no Registro Mercantil de Barcelona, \u200b\u200bsob [&hellip;]","og_url":"https:\/\/snowfactory.es\/pt-pt\/legal-datat\/","og_site_name":"Snow Factory","article_modified_time":"2024-04-18T11:32:31+00:00","twitter_card":"summary_large_image","twitter_misc":{"Tempo estimado de leitura":"5 minutos"},"schema":{"@context":"https:\/\/schema.org","@graph":[{"@type":"WebPage","@id":"https:\/\/snowfactory.es\/pt-pt\/legal-datat\/","url":"https:\/\/snowfactory.es\/pt-pt\/legal-datat\/","name":"Legal Data &#8211; Snow Factory","isPartOf":{"@id":"https:\/\/snowfactory.es\/#website"},"datePublished":"2020-04-27T08:17:48+00:00","dateModified":"2024-04-18T11:32:31+00:00","breadcrumb":{"@id":"https:\/\/snowfactory.es\/pt-pt\/legal-datat\/#breadcrumb"},"inLanguage":"pt-PT","potentialAction":[{"@type":"ReadAction","target":["https:\/\/snowfactory.es\/pt-pt\/legal-datat\/"]}]},{"@type":"BreadcrumbList","@id":"https:\/\/snowfactory.es\/pt-pt\/legal-datat\/#breadcrumb","itemListElement":[{"@type":"ListItem","position":1,"name":"Home","item":"https:\/\/snowfactory.es\/pt-pt\/"},{"@type":"ListItem","position":2,"name":"Legal Data"}]},{"@type":"WebSite","@id":"https:\/\/snowfactory.es\/#website","url":"https:\/\/snowfactory.es\/","name":"Snow Factory","description":"Distribui\u00e7\u00e3o e equipamentos esportivos","potentialAction":[{"@type":"SearchAction","target":{"@type":"EntryPoint","urlTemplate":"https:\/\/snowfactory.es\/?s={search_term_string}"},"query-input":{"@type":"PropertyValueSpecification","valueRequired":true,"valueName":"search_term_string"}}],"inLanguage":"pt-PT"}]}},"_links":{"self":[{"href":"https:\/\/snowfactory.es\/pt-pt\/wp-json\/wp\/v2\/pages\/182","targetHints":{"allow":["GET"]}}],"collection":[{"href":"https:\/\/snowfactory.es\/pt-pt\/wp-json\/wp\/v2\/pages"}],"about":[{"href":"https:\/\/snowfactory.es\/pt-pt\/wp-json\/wp\/v2\/types\/page"}],"author":[{"embeddable":true,"href":"https:\/\/snowfactory.es\/pt-pt\/wp-json\/wp\/v2\/users\/2"}],"replies":[{"embeddable":true,"href":"https:\/\/snowfactory.es\/pt-pt\/wp-json\/wp\/v2\/comments?post=182"}],"version-history":[{"count":7,"href":"https:\/\/snowfactory.es\/pt-pt\/wp-json\/wp\/v2\/pages\/182\/revisions"}],"predecessor-version":[{"id":1585,"href":"https:\/\/snowfactory.es\/pt-pt\/wp-json\/wp\/v2\/pages\/182\/revisions\/1585"}],"wp:attachment":[{"href":"https:\/\/snowfactory.es\/pt-pt\/wp-json\/wp\/v2\/media?parent=182"}],"curies":[{"name":"wp","href":"https:\/\/api.w.org\/{rel}","templated":true}]}}