{"id":180,"date":"2020-04-27T07:26:42","date_gmt":"2020-04-27T07:26:42","guid":{"rendered":"https:\/\/snowfactory.es\/sample-page\/"},"modified":"2024-04-18T11:32:29","modified_gmt":"2024-04-18T11:32:29","slug":"cookies-policy","status":"publish","type":"page","link":"https:\/\/snowfactory.es\/pt-pt\/cookies-policy\/","title":{"rendered":"Cookies Policy"},"content":{"rendered":"\n<p>Um Cookie \u00e9 um arquivo que \u00e9 baixado para o seu computador quando voc\u00ea acessa certas p\u00e1ginas da web. Os cookies permitem que uma p\u00e1gina web, entre outras coisas, armazene e recupere informa\u00e7\u00f5es sobre os h\u00e1bitos de navega\u00e7\u00e3o de um usu\u00e1rio ou de seu equipamento e, dependendo das informa\u00e7\u00f5es que cont\u00e9m e da forma como usa seu equipamento, podem ser usados \u200b\u200bpara reconhecer ao usu\u00e1rio.<\/p>\n\n\n\n<p>Os cookies s\u00e3o essenciais para o funcionamento da internet, proporcionando in\u00fameras vantagens na presta\u00e7\u00e3o de servi\u00e7os interactivos, facilitando a navega\u00e7\u00e3o e usabilidade do nosso site.<\/p>\n\n\n\n<p>As informa\u00e7\u00f5es que fornecemos abaixo ir\u00e3o ajud\u00e1-lo a compreender os diferentes tipos de cookies:<\/p>\n\n\n\n<p><strong>TIPOS DE COOKIES<\/strong><\/p>\n\n\n\n<p><strong>1.- DE ACORDO COM A ENTIDADE QUE GERA<\/strong><\/p>\n\n\n\n<p>Cookies pr\u00f3prios: s\u00e3o aqueles que s\u00e3o recolhidos pelo pr\u00f3prio editor para prestar o servi\u00e7o solicitado pelo utilizador.<\/p>\n\n\n\n<p>Cookies de terceiros: s\u00e3o aqueles que s\u00e3o coletados e gerenciados por terceiros e n\u00e3o podem ser considerados seus pr\u00f3prios.<\/p>\n\n\n\n<p><strong>2.-<\/strong> <strong>DE ACORDO COM O PER\u00cdODO DE TEMPO QUE PERMANECEM ATIVADOS<\/strong><\/p>\n\n\n\n<p>Cookies de sess\u00e3o: eles coletam dados enquanto o usu\u00e1rio navega na rede para fornecer o servi\u00e7o solicitado.<\/p>\n\n\n\n<p>Cookies persistentes: s\u00e3o armazenados no terminal e as informa\u00e7\u00f5es obtidas ser\u00e3o utilizadas pelo respons\u00e1vel pelo cookie para a presta\u00e7\u00e3o do servi\u00e7o solicitado.<\/p>\n\n\n\n<p><strong>3.- DE ACORDO COM SEU PROP\u00d3SITO<\/strong><\/p>\n\n\n\n<p>Cookies t\u00e9cnicos: s\u00e3o necess\u00e1rios para uma navega\u00e7\u00e3o adequada na web.<\/p>\n\n\n\n<p>Cookies de personaliza\u00e7\u00e3o: permitem ao usu\u00e1rio fornecer as caracter\u00edsticas (idioma) para navegar no site.<\/p>\n\n\n\n<p>Cookies de an\u00e1lise: Permitem ao fornecedor analisar a navega\u00e7\u00e3o feita pelo utilizador, de forma a acompanhar a utiliza\u00e7\u00e3o do site, bem como fazer estat\u00edsticas dos conte\u00fados mais visitados, n\u00famero de visitantes, etc.<\/p>\n\n\n\n<p>Cookies de publicidade: permitem ao editor incluir espa\u00e7os publicit\u00e1rios na web, dependendo do conte\u00fado da pr\u00f3pria web.<\/p>\n\n\n\n<p>Cookies publicit\u00e1rios comportamentais: permitem ao editor incluir espa\u00e7os publicit\u00e1rios no site de acordo com as informa\u00e7\u00f5es obtidas nos h\u00e1bitos de navega\u00e7\u00e3o do utilizador.<\/p>\n\n\n\n<p>De acordo com o disposto no artigo 22.2 da Lei 34\/2002, de 11 de julho, sobre Servi\u00e7os da Sociedade da Informa\u00e7\u00e3o e Com\u00e9rcio Eletr\u00f4nico (LSSI-CE), Snow Factory S.L.U., informa sobre os cookies utilizados em nosso site:<\/p>\n\n\n\n<p>Cookies t\u00e9cnicos: cookies pr\u00f3prios e persistentes.<\/p>\n\n\n\n<p>Cookies de personaliza\u00e7\u00e3o: cookies pr\u00f3prios e persistentes.<\/p>\n\n\n\n<p>Cookies de an\u00e1lise: cookies de terceiros e persistentes.<\/p>\n\n\n\n<p>Cookies de publicidade: cookies de terceiros e persistentes.<\/p>\n\n\n\n<p>Cookies de publicidade comportamental: Cookies de terceiros e persistentes.<\/p>\n\n\n\n<p>Google Analytics: Armazena cookies para poder compilar estat\u00edsticas sobre o tr\u00e1fego e o volume de visitas a este site. Ao utilizar este site, voc\u00ea concorda com o processamento de informa\u00e7\u00f5es sobre voc\u00ea pelo Google. Portanto, o exerc\u00edcio de qualquer direito a esse respeito deve ser feito por meio de comunica\u00e7\u00e3o direta com o Google. Os cookies do Google Analytics s\u00e3o armazenados em servidores localizados nos Estados Unidos e voc\u00ea concorda em n\u00e3o compartilh\u00e1-los com terceiros, exceto nos casos em que seja necess\u00e1rio para o funcionamento do sistema ou quando exigido por lei. De acordo com o Google, ele n\u00e3o salva seu endere\u00e7o IP.<\/p>\n\n\n\n<p>Google Inc. \u00e9 uma empresa que adere ao &#8220;Privacy Shiels&#8221; (escudo de privacidade) que garante que todos os dados transferidos ser\u00e3o tratados com um n\u00edvel de prote\u00e7\u00e3o de acordo com os regulamentos europeus. Voc\u00ea pode consultar informa\u00e7\u00f5es detalhadas a respeito por meio do seguinte link: https:\/\/support.google.com\/analytics\/answer\/6004245.<\/p>\n\n\n\n<p>Se desejar, voc\u00ea pode usar o add-on de opt-out do Google Analytics para navegadores por cujas instru\u00e7\u00f5es os cookies anal\u00edticos desse servi\u00e7o podem ser rejeitados em todos os navegadores. Voc\u00ea pode encontrar mais informa\u00e7\u00f5es sobre ele no seguinte link: https:\/\/tools.google.com\/dlpage\/gaoptout<\/p>\n\n\n\n<p>Da mesma forma, Snow Factory S.L.U. informa ao utilizador que tem a possibilidade de configurar o seu navegador para que seja informado da recep\u00e7\u00e3o de cookies, podendo, se o desejar, impedir que sejam instalados no seu disco r\u00edgido.<\/p>\n\n\n\n<p>A seguir, fornecemos os links de v\u00e1rios navegadores, atrav\u00e9s dos quais voc\u00ea pode fazer a referida configura\u00e7\u00e3o:<\/p>\n\n\n\n<p>Firefox a partir daqui: http:\/\/support.mozilla.org\/es\/kb\/habilitar-y-deshabilitar-cookies-que-los-sitios-we<\/p>\n\n\n\n<p>Chrome aqui: http:\/\/support.google.com\/chrome\/bin\/answer.py?hl=es&amp;answer=95647<\/p>\n\n\n\n<p>Explorador aqui: http:\/\/windows.microsoft.com\/es-es\/internet-explorer\/delete-manage-cookies#ie=ie-10<\/p>\n\n\n\n<p>Safari a partir daqui: https:\/\/support.apple.com\/kb\/ph17191?locale=es_ES<\/p>\n\n\n\n<p>Negocie aqui: https:\/\/help.opera.com\/en\/latest\/web-preferences\/#cookies<\/p>\n","protected":false},"excerpt":{"rendered":"<p>Um Cookie \u00e9 um arquivo que \u00e9 baixado para o seu computador quando voc\u00ea acessa certas p\u00e1ginas da web. Os cookies permitem que uma p\u00e1gina web, entre outras coisas, armazene e recupere informa\u00e7\u00f5es sobre os h\u00e1bitos de navega\u00e7\u00e3o de um usu\u00e1rio ou de seu equipamento e, dependendo das informa\u00e7\u00f5es que cont\u00e9m e da forma como [&hellip;]<\/p>\n","protected":false},"author":2,"featured_media":0,"parent":0,"menu_order":0,"comment_status":"closed","ping_status":"open","template":"","meta":{"_acf_changed":false,"footnotes":""},"class_list":["post-180","page","type-page","status-publish","hentry"],"acf":[],"yoast_head":"<!-- This site is optimized with the Yoast SEO plugin v26.8 - https:\/\/yoast.com\/product\/yoast-seo-wordpress\/ -->\n<title>Cookies Policy &#8211; Snow Factory<\/title>\n<meta name=\"robots\" content=\"index, follow, max-snippet:-1, max-image-preview:large, max-video-preview:-1\" \/>\n<link rel=\"canonical\" href=\"https:\/\/snowfactory.es\/pt-pt\/cookies-policy\/\" \/>\n<meta property=\"og:locale\" content=\"pt_PT\" \/>\n<meta property=\"og:type\" content=\"article\" \/>\n<meta property=\"og:title\" content=\"Cookies Policy &#8211; Snow Factory\" \/>\n<meta property=\"og:description\" content=\"Um Cookie \u00e9 um arquivo que \u00e9 baixado para o seu computador quando voc\u00ea acessa certas p\u00e1ginas da web. Os cookies permitem que uma p\u00e1gina web, entre outras coisas, armazene e recupere informa\u00e7\u00f5es sobre os h\u00e1bitos de navega\u00e7\u00e3o de um usu\u00e1rio ou de seu equipamento e, dependendo das informa\u00e7\u00f5es que cont\u00e9m e da forma como [&hellip;]\" \/>\n<meta property=\"og:url\" content=\"https:\/\/snowfactory.es\/pt-pt\/cookies-policy\/\" \/>\n<meta property=\"og:site_name\" content=\"Snow Factory\" \/>\n<meta property=\"article:modified_time\" content=\"2024-04-18T11:32:29+00:00\" \/>\n<meta name=\"twitter:card\" content=\"summary_large_image\" \/>\n<meta name=\"twitter:label1\" content=\"Tempo estimado de leitura\" \/>\n\t<meta name=\"twitter:data1\" content=\"4 minutos\" \/>\n<script type=\"application\/ld+json\" class=\"yoast-schema-graph\">{\"@context\":\"https:\/\/schema.org\",\"@graph\":[{\"@type\":\"WebPage\",\"@id\":\"https:\/\/snowfactory.es\/pt-pt\/cookies-policy\/\",\"url\":\"https:\/\/snowfactory.es\/pt-pt\/cookies-policy\/\",\"name\":\"Cookies Policy &#8211; Snow Factory\",\"isPartOf\":{\"@id\":\"https:\/\/snowfactory.es\/#website\"},\"datePublished\":\"2020-04-27T07:26:42+00:00\",\"dateModified\":\"2024-04-18T11:32:29+00:00\",\"breadcrumb\":{\"@id\":\"https:\/\/snowfactory.es\/pt-pt\/cookies-policy\/#breadcrumb\"},\"inLanguage\":\"pt-PT\",\"potentialAction\":[{\"@type\":\"ReadAction\",\"target\":[\"https:\/\/snowfactory.es\/pt-pt\/cookies-policy\/\"]}]},{\"@type\":\"BreadcrumbList\",\"@id\":\"https:\/\/snowfactory.es\/pt-pt\/cookies-policy\/#breadcrumb\",\"itemListElement\":[{\"@type\":\"ListItem\",\"position\":1,\"name\":\"Home\",\"item\":\"https:\/\/snowfactory.es\/pt-pt\/\"},{\"@type\":\"ListItem\",\"position\":2,\"name\":\"Cookies Policy\"}]},{\"@type\":\"WebSite\",\"@id\":\"https:\/\/snowfactory.es\/#website\",\"url\":\"https:\/\/snowfactory.es\/\",\"name\":\"Snow Factory\",\"description\":\"Distribui\u00e7\u00e3o e equipamentos esportivos\",\"potentialAction\":[{\"@type\":\"SearchAction\",\"target\":{\"@type\":\"EntryPoint\",\"urlTemplate\":\"https:\/\/snowfactory.es\/?s={search_term_string}\"},\"query-input\":{\"@type\":\"PropertyValueSpecification\",\"valueRequired\":true,\"valueName\":\"search_term_string\"}}],\"inLanguage\":\"pt-PT\"}]}<\/script>\n<!-- \/ Yoast SEO plugin. -->","yoast_head_json":{"title":"Cookies Policy &#8211; Snow Factory","robots":{"index":"index","follow":"follow","max-snippet":"max-snippet:-1","max-image-preview":"max-image-preview:large","max-video-preview":"max-video-preview:-1"},"canonical":"https:\/\/snowfactory.es\/pt-pt\/cookies-policy\/","og_locale":"pt_PT","og_type":"article","og_title":"Cookies Policy &#8211; Snow Factory","og_description":"Um Cookie \u00e9 um arquivo que \u00e9 baixado para o seu computador quando voc\u00ea acessa certas p\u00e1ginas da web. Os cookies permitem que uma p\u00e1gina web, entre outras coisas, armazene e recupere informa\u00e7\u00f5es sobre os h\u00e1bitos de navega\u00e7\u00e3o de um usu\u00e1rio ou de seu equipamento e, dependendo das informa\u00e7\u00f5es que cont\u00e9m e da forma como [&hellip;]","og_url":"https:\/\/snowfactory.es\/pt-pt\/cookies-policy\/","og_site_name":"Snow Factory","article_modified_time":"2024-04-18T11:32:29+00:00","twitter_card":"summary_large_image","twitter_misc":{"Tempo estimado de leitura":"4 minutos"},"schema":{"@context":"https:\/\/schema.org","@graph":[{"@type":"WebPage","@id":"https:\/\/snowfactory.es\/pt-pt\/cookies-policy\/","url":"https:\/\/snowfactory.es\/pt-pt\/cookies-policy\/","name":"Cookies Policy &#8211; Snow Factory","isPartOf":{"@id":"https:\/\/snowfactory.es\/#website"},"datePublished":"2020-04-27T07:26:42+00:00","dateModified":"2024-04-18T11:32:29+00:00","breadcrumb":{"@id":"https:\/\/snowfactory.es\/pt-pt\/cookies-policy\/#breadcrumb"},"inLanguage":"pt-PT","potentialAction":[{"@type":"ReadAction","target":["https:\/\/snowfactory.es\/pt-pt\/cookies-policy\/"]}]},{"@type":"BreadcrumbList","@id":"https:\/\/snowfactory.es\/pt-pt\/cookies-policy\/#breadcrumb","itemListElement":[{"@type":"ListItem","position":1,"name":"Home","item":"https:\/\/snowfactory.es\/pt-pt\/"},{"@type":"ListItem","position":2,"name":"Cookies Policy"}]},{"@type":"WebSite","@id":"https:\/\/snowfactory.es\/#website","url":"https:\/\/snowfactory.es\/","name":"Snow Factory","description":"Distribui\u00e7\u00e3o e equipamentos esportivos","potentialAction":[{"@type":"SearchAction","target":{"@type":"EntryPoint","urlTemplate":"https:\/\/snowfactory.es\/?s={search_term_string}"},"query-input":{"@type":"PropertyValueSpecification","valueRequired":true,"valueName":"search_term_string"}}],"inLanguage":"pt-PT"}]}},"_links":{"self":[{"href":"https:\/\/snowfactory.es\/pt-pt\/wp-json\/wp\/v2\/pages\/180","targetHints":{"allow":["GET"]}}],"collection":[{"href":"https:\/\/snowfactory.es\/pt-pt\/wp-json\/wp\/v2\/pages"}],"about":[{"href":"https:\/\/snowfactory.es\/pt-pt\/wp-json\/wp\/v2\/types\/page"}],"author":[{"embeddable":true,"href":"https:\/\/snowfactory.es\/pt-pt\/wp-json\/wp\/v2\/users\/2"}],"replies":[{"embeddable":true,"href":"https:\/\/snowfactory.es\/pt-pt\/wp-json\/wp\/v2\/comments?post=180"}],"version-history":[{"count":4,"href":"https:\/\/snowfactory.es\/pt-pt\/wp-json\/wp\/v2\/pages\/180\/revisions"}],"predecessor-version":[{"id":1584,"href":"https:\/\/snowfactory.es\/pt-pt\/wp-json\/wp\/v2\/pages\/180\/revisions\/1584"}],"wp:attachment":[{"href":"https:\/\/snowfactory.es\/pt-pt\/wp-json\/wp\/v2\/media?parent=180"}],"curies":[{"name":"wp","href":"https:\/\/api.w.org\/{rel}","templated":true}]}}